{"id":5677,"date":"2021-07-01T19:41:47","date_gmt":"2021-07-01T19:41:47","guid":{"rendered":"http:\/\/vflhamm-fussball.de\/?page_id=5677"},"modified":"2024-01-21T09:14:38","modified_gmt":"2024-01-21T09:14:38","slug":"formulare-und-downloads","status":"publish","type":"page","link":"https:\/\/vflhamm-fussball.de\/?page_id=5677","title":{"rendered":"Formulare und Downloads"},"content":{"rendered":"\n<p class=\"has-text-align-center has-black-color has-vivid-red-background-color has-text-color has-background has-medium-font-size\">Hier finden Sie alle Formulare und Downloads <\/p>\n\n\n\n<p class=\"has-vivid-red-color has-cyan-bluish-gray-background-color has-text-color has-background\" style=\"font-size:23px\">Passantrag und Abmeldung:<\/p>\n\n\n\n<div class=\"wp-block-file\"><a id=\"wp-block-file--media-4bb1e806-b242-415e-9c29-19bbba0f0753\" href=\"https:\/\/vflhamm-fussball.de\/wp-content\/uploads\/2023\/02\/Passantrag.pdf\" target=\"_blank\" rel=\"noreferrer noopener\">Passantrag<\/a><\/div>\n\n\n\n<div class=\"wp-block-file\"><a id=\"wp-block-file--media-2000996a-4587-48ab-a47d-9e7ff11039c8\" href=\"https:\/\/vflhamm-fussball.de\/wp-content\/uploads\/2022\/07\/2018_10-Abmeldung_Spieler_vom_Spielbetrieb11.pdf\" target=\"_blank\" rel=\"noreferrer noopener\">Abmeldung Spieler vom Spielbetrieb               <\/a><\/div>\n\n\n\n<div class=\"wp-block-file\"><a id=\"wp-block-file--media-bfab7c6f-b21a-4386-82d7-7e1d6615fbde\" href=\"https:\/\/vflhamm-fussball.de\/wp-content\/uploads\/2022\/07\/Antrag_zur_Registrierung_auslaendischer_Spieler_20131.pdf\" target=\"_blank\" rel=\"noreferrer noopener\">Antrag zur Registrierung ausl\u00e4ndischer Spieler<\/a><\/div>\n\n\n\n<div class=\"wp-block-file\"><a id=\"wp-block-file--media-bbcaea73-385d-48c0-ae47-fda63c75571c\" href=\"https:\/\/vflhamm-fussball.de\/wp-content\/uploads\/2022\/07\/Zusatzerklaerung_10_bis_18_Jahre_neu1.pdf\" target=\"_blank\" rel=\"noreferrer noopener\">Zusatzerkl\u00e4rung f\u00fcr Spieler\/innen zwischen <br>10 und 18 Jahren, die nicht die <br>deutsche Staatsb\u00fcrgerschaft besitzen              <\/a><\/div>\n\n\n\n<p class=\"has-vivid-red-color has-cyan-bluish-gray-background-color has-text-color has-background\" style=\"font-size:23px\">Mitglied werden: <\/p>\n\n\n\n<div class=\"wp-block-file\"><a id=\"wp-block-file--media-a158e038-5542-40ad-9930-d468a32bb699\" href=\"https:\/\/vflhamm-fussball.de\/wp-content\/uploads\/2024\/01\/Beitrittserklaerung_2024-2.pdf\" target=\"_blank\" rel=\"noreferrer noopener\">Beitrittserkl\u00e4rung<\/a><\/div>\n\n\n\n<p><a rel=\"noreferrer noopener\" href=\"https:\/\/verein.dfbnet.org\/mitgliedsantrag.php?verein=vflhamm1883\" target=\"_blank\">Beitrittserkl\u00e4rung Online<\/a><\/p>\n\n\n\n<p class=\"has-vivid-red-color has-cyan-bluish-gray-background-color has-text-color has-background\" style=\"font-size:23px\">Anlage zur Beitrittserkl\u00e4rung:<\/p>\n\n\n\n<p><\/p>\n\n\n\n<div class=\"wp-block-file\"><a id=\"wp-block-file--media-1ece39a8-3c4b-43ef-a5a9-9fcc80ea702e\" href=\"https:\/\/vflhamm-fussball.de\/wp-content\/uploads\/2021\/07\/Bildungs-_und_Teilhabepaket.pdf\" target=\"_blank\" rel=\"noreferrer noopener\">Bildungs- und Teilhabepaket                            <\/a><\/div>\n\n\n\n<p class=\"has-vivid-red-color has-cyan-bluish-gray-background-color has-text-color has-background\" style=\"font-size:23px\">Antr\u00e4ge auf Sozialleistungen:<\/p>\n\n\n\n<div class=\"wp-block-file\"><a id=\"wp-block-file--media-7e256277-ef48-4145-9bae-c519608f3767\" href=\"https:\/\/vflhamm-fussball.de\/wp-content\/uploads\/2021\/07\/Antrag_Jobcenter.pdf\" target=\"_blank\" rel=\"noreferrer noopener\">Antrag Jobcenter                                              <\/a><\/div>\n\n\n\n<div class=\"wp-block-file\"><a id=\"wp-block-file--media-95408c70-29c7-4640-83b2-41da7d34bfa4\" href=\"https:\/\/vflhamm-fussball.de\/wp-content\/uploads\/2021\/07\/Antrag_Kreisverwaltung.pdf\" target=\"_blank\" rel=\"noreferrer noopener\">Antrag Kreisverwaltung                                    <\/a><\/div>\n\n\n\n<p class=\"has-vivid-red-color has-cyan-bluish-gray-background-color has-text-color has-background\" style=\"font-size:23px\">Beitrittserkl\u00e4rung F\u00f6rderverein:<\/p>\n\n\n\n<div class=\"wp-block-file\"><a id=\"wp-block-file--media-adb05bdc-1391-4f45-986e-39ce3edb1b8e\" href=\"https:\/\/vflhamm-fussball.de\/wp-content\/uploads\/2021\/07\/CCE12072021.pdf\" target=\"_blank\" rel=\"noreferrer noopener\">Beitrittserkl\u00e4rung                                             <\/a><\/div>\n\n\n\n<p class=\"has-vivid-red-color has-cyan-bluish-gray-background-color has-text-color has-background\" style=\"font-size:23px\">Sonstiges:<\/p>\n\n\n\n<div class=\"wp-block-file\"><a id=\"wp-block-file--media-0ced1471-755a-4005-9c91-9028726bdf69\" href=\"https:\/\/vflhamm-fussball.de\/wp-content\/uploads\/2021\/07\/Satzung_des_Vereins_fur_Leibesubungen_1883_2017.pdf\" target=\"_blank\" rel=\"noreferrer noopener\">Satzung des VfL 1883 (2017)                            <\/a><\/div>\n\n\n\n<div class=\"wp-block-file\"><a id=\"wp-block-file--media-df52cd1d-1577-459a-8332-14c61e795f9f\" href=\"https:\/\/vflhamm-fussball.de\/wp-content\/uploads\/2021\/07\/Jugendkonzept-VFL-Hamm-1.pdf\" target=\"_blank\" rel=\"noreferrer noopener\">Jugendkonzept                                                 <\/a><\/div>\n","protected":false},"excerpt":{"rendered":"<p>Hier finden Sie alle Formulare und Downloads Passantrag und Abmeldung: Mitglied werden: Beitrittserkl\u00e4rung Online Anlage zur Beitrittserkl\u00e4rung: Antr\u00e4ge auf Sozialleistungen: Beitrittserkl\u00e4rung F\u00f6rderverein: Sonstiges:<\/p>\n","protected":false},"author":1,"featured_media":0,"parent":0,"menu_order":0,"comment_status":"closed","ping_status":"closed","template":"","meta":{"footnotes":""},"class_list":["post-5677","page","type-page","status-publish","hentry"],"_links":{"self":[{"href":"https:\/\/vflhamm-fussball.de\/index.php?rest_route=\/wp\/v2\/pages\/5677","targetHints":{"allow":["GET"]}}],"collection":[{"href":"https:\/\/vflhamm-fussball.de\/index.php?rest_route=\/wp\/v2\/pages"}],"about":[{"href":"https:\/\/vflhamm-fussball.de\/index.php?rest_route=\/wp\/v2\/types\/page"}],"author":[{"embeddable":true,"href":"https:\/\/vflhamm-fussball.de\/index.php?rest_route=\/wp\/v2\/users\/1"}],"replies":[{"embeddable":true,"href":"https:\/\/vflhamm-fussball.de\/index.php?rest_route=%2Fwp%2Fv2%2Fcomments&post=5677"}],"version-history":[{"count":4,"href":"https:\/\/vflhamm-fussball.de\/index.php?rest_route=\/wp\/v2\/pages\/5677\/revisions"}],"predecessor-version":[{"id":7529,"href":"https:\/\/vflhamm-fussball.de\/index.php?rest_route=\/wp\/v2\/pages\/5677\/revisions\/7529"}],"wp:attachment":[{"href":"https:\/\/vflhamm-fussball.de\/index.php?rest_route=%2Fwp%2Fv2%2Fmedia&parent=5677"}],"curies":[{"name":"wp","href":"https:\/\/api.w.org\/{rel}","templated":true}]}}